{"id":52,"date":"2022-12-03T11:24:17","date_gmt":"2022-12-03T11:24:17","guid":{"rendered":"http:\/\/zukunft.icamsc.de\/?page_id=52"},"modified":"2026-01-25T14:11:58","modified_gmt":"2026-01-25T13:11:58","slug":"impressum","status":"publish","type":"page","link":"https:\/\/www.unserezukunft-tiefenbach.de\/index.php\/impressum\/","title":{"rendered":"impressum"},"content":{"rendered":"\n<p><b><font color=\"#f2c314\">Unsere Zukunft &#8211; Denk mit! Mach mit! e.V.<\/font><\/b><br>Sitz: 94113 Tiefenbach<\/p>\n\n\n\n<p><strong>Telefon:<\/strong> +49 (0)171 \/ 50 96 244<br><strong>E-Mail:<\/strong> info@unserezukunft-tiefenbach.de<\/p>\n\n\n\n<p><strong>Einzeln vertretungsberechtigt:<\/strong><\/p>\n\n\n\n<ol class=\"wp-block-list\">\n<li><strong>Vorsitzender:<\/strong><br>Florian Schwarzbauer<br>Lindenbergweg 17d<br>94113 Tiefenbach<\/li>\n<\/ol>\n\n\n\n<p><strong>Telefon:<\/strong> +49 (0)171 \/ 50 96 244<br><strong>E-Mail:<\/strong> info@unserezukunft-tiefenbach.de<\/p>\n\n\n\n<ol start=\"2\" class=\"wp-block-list\">\n<li><strong>Vorsitzender:<\/strong><br>Manfred Br\u00fcndl<br>Thal 9a<br>94113 Tiefenbach<\/li>\n<\/ol>\n\n\n\n<p><strong>Telefon:<\/strong> +49 (0)8509 \/ 939 949<br><strong>E-Mail:<\/strong> info@unserezukunft-tiefenbach.de<\/p>\n\n\n\n<p><strong>Registergericht:<\/strong> Amtsgericht Passau<br><strong>Registernummer:<\/strong> VR 200902<\/p>\n\n\n\n<p><strong>Umsatzsteuer-Identifikationsnummer:<\/strong><br>DE (aktuell nur Steuernummer: 153 \/ 111 \/ 20147)<\/p>\n\n\n\n<p><strong>V.i.S.d \u00a7 55 Abs. 2 RStV:<\/strong><\/p>\n\n\n\n<p>Florian Schwarzbauer<br>Lindenbergweg 17d<br>94113 Tiefenbach<\/p>\n\n\n\n<h2 class=\"wp-block-heading\">datenschutz<\/h2>\n\n\n\n<p><strong>Unsere Zukunft &#8211; Denk mit! Mach mit!<\/strong><\/p>\n\n\n\n<p>Lindenbergweg 17d<br>94113 Tiefenbach<br><br><em>Datenschutz<\/em><br>Als Webseitenbetreiber nehmen wir den Schutz aller pers\u00f6nlichen Daten sehr ernst. Alle personenbezogenen Informationen werden vertraulich und gem\u00e4\u00df den gesetzlichen Vorschriften behandelt, wie in dieser Datenschutzerkl\u00e4rung erl\u00e4utert. Unserer Webseite kann selbstverst\u00e4ndlich genutzt werden, ohne dass Sie pers\u00f6nliche Daten angeben. Wenn jedoch zu irgendeinem Zeitpunkt pers\u00f6nliche Daten wie z.B. Name, Adresse oder E-Mail abgefragt werden, wird dies auf freiwilliger Basis geschehen. Niemals werden von uns erhobene Daten ohne Ihre spezielle Genehmigung an Dritte weitergegeben. Daten\u00fcbertragung im Internet, wie zum Beispiel \u00fcber E-Mail, kann immer Sicherheitsl\u00fccken aufweisen. Der komplette Schutz der Daten ist im Internet nicht m\u00f6glich.<\/p>\n\n\n\n<p><em>Datenschutzerkl\u00e4rung etracker<\/em><\/p>\n\n\n\n<p>Auf unserer Webseite wird der Analysedienst etracker benutzt, betrieben von der etracker GmbH, Erste Brunnenstra\u00dfe 1, 20459 Hamburg, Deutschland.<br>Die von etracker gesammelten Daten werden dazu verwendet, Nutzungsprofile unter Verwendung von Pseudonymen zu erstellen. Bei diesem Prozess werden Cookies benutzt. Cookies sind kleine Textdateien, die in Ihrem Internet-Browser abgelegt werden. Cookies dienen dazu, bestimmte Browser wiederzuerkennen. Die von etracker gesammelten Informationen werden ohne die spezielle Zustimmung der Nutzer nicht dazu verwandt, um Nutzer unserer Website zu identifizieren. Die Daten werden niemals mit personenbezogenen Informationen \u00fcber den Tr\u00e4ger des Pseudonyms verbunden. Sie k\u00f6nnen der Datenerhebung und -speicherung jederzeit widersprechen. etracker bietet au\u00dferdem einen Opt-Out-Cookie an, mit dem Sie verhindern k\u00f6nnen, dass etracker ihre Besucherdaten bezieht. Mehr Informationen dazu finden Sie hier: http:\/\/www.etracker.de\/privacy?et=V23Jbb<br>Der Opt-Out-Cookie von etracker tr\u00e4gt den Namen \u201ccntcookie\u201d. Wenn Sie diesen Cookie l\u00f6schen, erlischt Ihr Widerspruch. Mehr Informationen dazu finden Sie hier: http:\/\/www.etracker.com\/de\/datenschutz.html<\/p>\n\n\n\n<p><em>Datenschutzerkl\u00e4rung Facebook-Plugins (Like-Button)<\/em><\/p>\n\n\n\n<p>Auf unseren Seiten werden Plugins von Facebook genutzt, Anbieter ist die Facebook Inc., 1 Hacker Way, Menlo Park, California 94025, USA. Facebook-Plugins sind mit einem FacebookLogo markiert oder zeigen einen \u201cLike-Button\u201d (\u201cGef\u00e4llt mir\u201d). Mehr Informationen \u00fcber FacebookPlugins finden Sie hier: http:\/\/developers.facebook.com\/docs\/plugins\/. Beim Besuch unserer Webseite stellt das Plugin eine direkte Verbindung zwischen Ihrem Webbrowser und dem Facebook-Server her. Dabei wird \u00fcbermittelt, dass Sie sich mit Ihrer IPAdresse auf unsere Webseite begeben haben. Wird der Facebook \u201cLike-Button\u201d angeklickt, w\u00e4hrend Sie in Ihrem Facebook-Account eingeloggt sind, k\u00f6nnen bestimmte Inhalte unserer Webseiten mit Ihrem Facebook-Profil verlinkt werden. In diesem Prozess ist es Facebook m\u00f6glich, ihren Besuch auf unseren Webseiten mit ihrem Benutzerkonto zu speichern. Als Webseitenbetreiber haben wir keine Informationen dar\u00fcber, welche Daten \u00fcbermittelt werden und wie diese genutzt werden. Mehr Informationen dazu finden Sie hier: http:\/\/de-de.facebook.com\/policy.php. Um zu vermeiden, dass Facebook Ihren Besuch auf unserer Webseite verfolgt, melden Sie sich bitte vor Nutzung unseres Angebots bei Facebook ab.<\/p>\n\n\n\n<p><em>Datenschutzerkl\u00e4rung Google Analytics<\/em><\/p>\n\n\n\n<p>Unsere Website nutzt den Analysedienst Google Analytics, betrieben von Google Inc. 1600 Amphitheatre Parkway Mountain View, CA 94043, USA. Google Analytics nutzt \u201cCookies\u201d, das sind kleine Textdateien, die in Ihrem Browser gespeichert werden und die es erm\u00f6glichen, die Nutzung unserer Website durch die Besucher zu analysieren. Von den Cookies werden Daten \u00fcber Ihre Nutzung unserer Webseite gesammelt, die normalerweise an einen Google-Server in den USA \u00fcbertragen und gespeichert werden. Wenn die IP-Anonymisierung auf unserer Webseite aktiviert wurde, wird Ihre IP-Adresse von Google innerhalb der Mitgliedstaaten der Europ\u00e4ischen Union oder in anderen Vertragsstaaten des Abkommens \u00fcber den Europ\u00e4ischen Wirtschaftsraum vorab gek\u00fcrzt. In seltenen Ausnahmef\u00e4llen kann die komplette IP-Adresse an einen Google Server in den USA \u00fcbertragen werden, dann wird diese dort gek\u00fcrzt. Google nutzt diese Daten in unserem Auftrag, um die Nutzung unserer Website auszuwerten, um Berichte \u00fcber die Webseitenaktivit\u00e4ten zu erstellen sowie um weitere Dienstleistungen anzubieten, die mit der Webseitennutzung und Internetnutzung zusammenh\u00e4ngen. Die von Google Analytics erfassten IP-Adressen werden nicht mit anderen Daten von Google korreliert. Die Speicherung von Cookies kann durch eine spezielle Einstellung in Ihrem Browser verweigert werden. In diesem Fall ist jedoch die Funktionalit\u00e4t unserer Webseite im vollen Umfang nicht gew\u00e4hrleistet. Zus\u00e4tzlich steht ihnen ein Browser-Plugin zu Verf\u00fcgung, mit dem Sie die Sammlung der auf Ihre Nutzung der Website bezogenen erzeugten Daten und IP-Adressen durch Google verhindern k\u00f6nnen. Mehr Informationen dazu finden Sie hier: http:\/\/tools.google.com\/dlpage\/gaoptout?hl=de<\/p>\n\n\n\n<p><em>Datenschutzerkl\u00e4rung Google +1<\/em><\/p>\n\n\n\n<p>Auf unsere Seiten werden Funktionen von Google +1 genutzt, angeboten von Google Inc. 1600 Amphitheatre Parkway Mountain View, CA 94043, USA. Sammlung und \u00dcbertragung von Daten: Sie k\u00f6nnen die Google +1-Schaltfl\u00e4che nutzen, um Informationen weltweit zu ver\u00f6ffentlichen. Die Google +1-Schaltfl\u00e4che pr\u00e4sentiert Ihnen und anderen Nutzern individuell abgestimmte Inhalte von Google und deren Partnern. Google sammelt Daten \u00fcber die Informationen, die Sie f\u00fcr einen +1 Inhalt gegeben haben, sowie Daten \u00fcber die Webseite, die Sie angesehen haben, w\u00e4hrend Sie auf +1 geklickt haben. Ihre +1 Daten k\u00f6nnen zusammen mit Ihrem Profilnamen und Ihrem Foto in unterschiedlichen Google-Diensten, wie Suchergebnissen, Ihrem Google-Profil, sowie auf Webseiten und Werbeanzeigen im Internet eingeblendet werden. Informationen \u00fcber Ihre +1-Aktivit\u00e4ten werden von Google aufgezeichnet, um die von Ihnen genutzten Google-Dienste zu verbessern. Um Google +1 Schaltfl\u00e4chen nutzen zu k\u00f6nnen, m\u00fcssen Sie \u00fcber ein \u00f6ffentliches Google-Profil verf\u00fcgen, in dem mindestens der Name des Profils enthalten sein muss. Alle Google-Dienste verwenden diesen Profilnamen. Manchmal kann dieser Name auch einen anderen Namen ersetzen, den Sie verwendet haben, wenn Inhalte \u00fcber Ihr Google-Konto mit anderen Nutzern geteilt wurden. Nutzern, die Ihre E-Mail-Adresse kennen oder \u00fcber andere identifizierende Daten von Ihnen verf\u00fcgen, kann die Identit\u00e4t Ihres Google-Profils angezeigt werden. Nutzung der gesammelten Daten: Zus\u00e4tzlich zu der bereits beschriebenen Nutzung unterliegen die von Ihnen bereitgestellten Daten den geltenden Google-Datenschutzbestimmungen. Google kann allgemeine Statistiken \u00fcber die +1-Aktivit\u00e4ten der Nutzer ver\u00f6ffentlichen, oder diese an Nutzer und Partner, wie Publisher, Inserenten oder Partner- Webseiten, weitergeben.<\/p>\n\n\n\n<p><em>Datenschutzerkl\u00e4rung Instagram<\/em><\/p>\n\n\n\n<p>Auf unseren Webseiten werden Funktionen von Instagram verwendet, angeboten von Instagram Inc., 1601 Willow Road, Menlo Park, CA 94025, USA. Inhalte unserer Seiten k\u00f6nnen mit Ihrem Instagram-Profil verkn\u00fcpft werden, sofern Sie zeitgleich in Ihrem Instagram-Account eingeloggt sind. Durch Klick auf den Instagram-Button k\u00f6nnen diese verlinkt werden. Instagram kann dabei die Nutzung unserer Seiten durch Sie registrieren. Als Webseitenbetreiber haben wir keine Informationen dar\u00fcber, welche Daten \u00fcbermittel werden und wie diese genutzt werden. Mehr Informationen dazu finden Sie hier: http:\/\/instagram.com\/about\/legal\/privacy\/<\/p>\n\n\n\n<p><em>Datenschutzerkl\u00e4rung Pinterest<\/em><\/p>\n\n\n\n<p>Auf unseren Webseiten werden Social Plugins des sozialen Netzwerkes Pinterest verwendet, betrieben von Pinterest Inc., 635 High Street, Palo Alto, CA 94301, USA (\u201cPinterest\u201d). Beim Aufrufen einer Seite, die ein entsprechendes Plugin enth\u00e4lt, wird von Ihrem Browser eine direkte Verbindung zu den Pinterest Servern hergestellt. Vom Plugin werden dabei Protokolldaten an den Pinterest Server in den USA \u00fcbermittelt. Diese Protokolldaten k\u00f6nnen Ihre IP-Adresse, Adresse besuchter Webseiten die ebenfalls Pinterest-Funktionen verwenden, Art und Einstellungen des Webbrowsers, Datum und Zeitpunkt der Anfrage, Ihre Verwendungsweise von Pinterest sowie Cookies beinhalten. Mehr Informationen dazu finden Sie hier: https:\/\/about.pinterest.com\/de\/privacy-policy<\/p>\n\n\n\n<p><em>Datenschutzerkl\u00e4rung Tumblr<\/em><\/p>\n\n\n\n<p>Auf unseren Webseiten werden Schaltfl\u00e4chen von Tumblr verwendet, angeboten von Tumblr, Inc., 35 East 21st St, 10th Floor, New York, NY 10010, USA. Mit diesen Schaltfl\u00e4chen wird es ihnen m\u00f6glich gemacht, Beitr\u00e4ge oder Webseiten \u00fcber Tumblr zu teilen oder Anbietern bei Tumblr zu folgen. Beim Aufrufen einer Seite, die ein entsprechendes Plugin enth\u00e4lt, wird von Ihrem Browser eine direkte Verbindung zu den Tumblr Servern hergestellt. Als Webseitenbetreiber haben wir keine Informationen dar\u00fcber, welche Daten \u00fcbermittel und wie diese genutzt werden. Soweit bekannt ist k\u00f6nnen IP-Adressen des Nutzers sowie URLs der jeweiligen Webseiten \u00fcbermittelt werden. Mehr Informationen dazu finden Sie hier: http:\/\/www.tumblr.com\/policy\/de\/privacy.<\/p>\n\n\n\n<p><em>Cookies<\/em><\/p>\n\n\n\n<p>Viele Internetseiten verwenden Cookies. Cookies sind unsch\u00e4dlich f\u00fcr Ihren Rechner und virenfrei. Sie dienen dazu, Internet-Angebote f\u00fcr die Besucher einer Webseite freundlicher, effektiver und sicherer zu machen. Cookies sind kleine Textdateien, die auf Ihrem Computer abgelegt werden und die Ihr Browser verwendet. Wir verwenden in der Regel so genannte \u201eSession-Cookies\u201c. Diese werden nach Verlassen unserer Seite automatisch gel\u00f6scht. Andere Cookies bleiben auf Ihrem Computer gespeichert, bis Sie diese l\u00f6schen. Diese Cookies helfen dabei, Ihren Rechner beim n\u00e4chsten Besuch wiederzuerkennen. \u00dcber die Browsereinstellungen k\u00f6nnen sie festlegen, dass Sie \u00fcber neue Cookies informiert werden und Cookies jeweils annehmen m\u00fcssen. Ebenso k\u00f6nnen Sie die Annahme von Cookies f\u00fcr bestimmte F\u00e4lle oder generell ausschlie\u00dfen oder das automatische L\u00f6schen der Cookies beim Schlie\u00dfen des Browser aktivieren. Werden Cookies desaktiviert, kann die Funktionalit\u00e4t unserer Website eingeschr\u00e4nkt sein.<\/p>\n\n\n\n<p><em>Kontaktformular<\/em><\/p>\n\n\n\n<p>Kontaktdaten, die uns \u00fcber unser Kontaktformular erreichen, werden inklusive des Inhalts der Anfrage f\u00fcr Bearbeitungszwecke und f\u00fcr m\u00f6gliche Anschlussfragen gespeichert. Diese Daten werden ohne Ihre spezifische Zustimmung nicht weitergegeben.<\/p>\n\n\n\n<p><em>Werbe-Mails Widerspruch<\/em><\/p>\n\n\n\n<p>Wir untersagen hiermit ausdr\u00fccklich der Nutzung der im Impressum ver\u00f6ffentlichten Kontaktdaten zur \u00dcbersendung von nicht ausdr\u00fccklich angeforderter Werbung und Informationsmaterialien. Im Falle der unverlangten Zusendung von Werbeinformationen, etwa durch Spam-E-Mails, halten sich die Betreiber der Webseitenrechtliche Schritte vor.<\/p>\n\n\n\n<p><em>Newsletterdaten<\/em><\/p>\n\n\n\n<p>F\u00fcr die Nutzung des von uns angebotenen Newsletter Dienstes werden pers\u00f6nliche Angaben wie E-Mail-Adresse erhoben. Zus\u00e4tzlich werden Informationen verlangt, welche uns gestatten zu pr\u00fcfen, dass Sie der Inhaber der angegebenen E-Mail-Adresse und mit dem Empfang des Newsletters einverstanden sind. Alle Informationen werden nur f\u00fcr den Versand der Newsletter verwendet, sie werden nicht an Dritte weitergegeben. Sie k\u00f6nnen jederzeit ihre erteilte Einwilligung zur Speicherung der Daten, der E-Mail-Adresse sowie deren Nutzung zum Versand des Newsletters widerrufen. Im Newsletter steht Ihnen daf\u00fcr ein \u201eAustragen\u201c-Link zur Verf\u00fcgung.<\/p>\n\n\n\n<p><em>\u00c4nderung der Datenschutzbestimmungen<\/em><\/p>\n\n\n\n<p>Unsere Datenschutzerkl\u00e4rung k\u00f6nnen in unregelm\u00e4\u00dfigen Abst\u00e4nden angepasst werden, damit sie den aktuellen rechtlichen Anforderungen entsprechen oder um \u00c4nderungen unserer Dienstleistungen umzusetzen, z. B. bei der Einf\u00fcgung neuer Angebote. F\u00fcr Ihren n\u00e4chsten Besuch gilt dann automatisch die neue Datenschutzerkl\u00e4rung.<\/p>\n\n\n\n<p><em>Kontakt zum Datenschutzmitarbeiter<\/em><\/p>\n\n\n\n<p>F\u00fcr Fragen zum Datenschutz schicken Sie uns bitte eine Nachricht an <strong>info@unserezukunfttiefenbach.de<\/strong> mit dem Betreff \u201eDatenschutz\u201c.<\/p>\n\n\n\n<p><em>Hinweise zur Datenverarbeitung im Zusammenhang mit Google Analytics<\/em><\/p>\n\n\n\n<p>Diese Website benutzt Google Analytics, einen Webanalysedienst der Google Ireland Limited. Wenn der Verantwortliche f\u00fcr die Datenverarbeitung auf dieser Website au\u00dferhalb des Europ\u00e4ischen Wirtschaftsraumes oder der Schweiz sitzt, dann erfolgt die Google Analytics Datenverarbeitung durch Google LLC. Google LLC und Google Ireland Limited werden nachfolgend &#8222;Google&#8220; genannt.<\/p>\n\n\n\n<p>Google Analytics verwendet sog. &#8222;Cookies&#8220;, Textdateien, die auf dem Computer des Seitenbesuchers gespeichert werden und die eine Analyse der Benutzung der Website durch den Seitenbesucher erm\u00f6glichen. Die durch das Cookie erzeugten Informationen \u00fcber die Benutzung dieser Website durch den Seitenbesucher (einschlie\u00dflich der gek\u00fcrzten IP-Adresse) werden in der Regel an einen Server von Google \u00fcbertragen und dort gespeichert.<\/p>\n\n\n\n<p>Google Analytics wird ausschlie\u00dflich mit der Erweiterung &#8222;_anonymizeIp()&#8220; auf dieser Website verwendet. Diese Erweiterung stellt eine Anonymisierung der IP-Adresse durch K\u00fcrzung sicher und schlie\u00dft eine direkte Personenbeziehbarkeit aus. Durch die Erweiterung wird die IP-Adresse von Google innerhalb von Mitgliedstaaten der Europ\u00e4ischen Union oder in anderen Vertragsstaaten des Abkommens \u00fcber den Europ\u00e4ischen Wirtschaftsraum zuvor gek\u00fcrzt. Nur in Ausnahmef\u00e4llen wird die volle IP-Adresse an einen Server von Google in den USA \u00fcbertragen und dort gek\u00fcrzt. Die im Rahmen von Google Analytics von dem entsprechenden Browser \u00fcbermittelte IP-Adresse wird nicht mit anderen Daten von Google zusammengef\u00fchrt.<\/p>\n\n\n\n<p>Im Auftrag des Seitenbetreibers wird Google die anfallenden Informationen benutzen, um die Nutzung der Website auszuwerten, um Reports \u00fcber die Websiteaktivit\u00e4ten zusammenzustellen und um weitere mit der Websitenutzung und der Internetnutzung verbundene Dienstleistungen dem Seitenbetreiber gegen\u00fcber zu erbringen (Art. 6 Abs. 1 lit. f DSGVO). Das berechtigte Interesse an der Datenverarbeitung liegt in der Optimierung dieser Website, der Analyse der Benutzung der Website und der Anpassung der Inhalte. Die Interessen der Nutzer werden durch die Pseudonymisierung hinreichend gewahrt.<\/p>\n\n\n\n<p>Google LLC. bietet eine Garantie auf Basis der Standardvertragsklauseln ein angemessenes Datenschutzniveau einzuhalten. Die gesendeten und mit Cookies, Nutzerkennungen (z. B. User-ID) oder Werbe-IDs verkn\u00fcpften Daten werden nach 50 Monaten automatisch gel\u00f6scht. Die L\u00f6schung von Daten, deren Aufbewahrungsdauer erreicht ist, erfolgt automatisch einmal im Monat.<\/p>\n\n\n\n<p>Die Erfassung durch Google Analytics kann verhindert werden, indem der Seitenbesucher die Cookie-Einstellungen f\u00fcr diese Website anpasst. Der Erfassung und Speicherung der IP-Adresse und der durch Cookies erzeugten Daten kann au\u00dferdem jederzeit mit Wirkung f\u00fcr die Zukunft widersprochen werden. Das entsprechende Browser- Plugin kann unter dem folgenden Link heruntergeladen und installiert werden: https:\/\/tools.google.com\/dlpage\/gaoptout.<\/p>\n\n\n\n<p>Der Seitenbesucher kann die Erfassung durch Google Analytics auf dieser Webseite verhindern, indem er auf folgenden Link klickt. Es wird ein Opt-Out-Cookie gesetzt, der die zuk\u00fcnftige Erfassung der Daten beim Besuch dieser Website verhindert.<\/p>\n\n\n\n<p>Weitere Informationen zur Datennutzung durch Google, Einstellungs- und Widerspruchsm\u00f6glichkeiten, finden sich in der Datenschutzerkl\u00e4rung von Google (https:\/\/policies.google.com\/privacy) sowie in den Einstellungen f\u00fcr die Darstellung von Werbeeinblendungen durch Google (https:\/\/adssettings.google.com\/authenticated).<\/p>\n\n\n\n<p><em>reCAPTCHA<\/em><\/p>\n\n\n\n<p>Zum Schutz Ihrer Anfragen per Internetformular verwenden wir den Dienst reCAPTCHA des Unternehmens Google LLC (Google). Die Abfrage dient der Unterscheidung, ob die Eingabe durch einen Menschen oder missbr\u00e4uchlich durch automatisierte, maschinelle Verarbeitung erfolgt. Die Abfrage schlie\u00dft den Versand der IP-Adresse und ggf. weiterer von Google f\u00fcr den Dienst reCAPTCHA ben\u00f6tigter Daten an Google ein. Zu diesem Zweck wird Ihre Eingabe an Google \u00fcbermittelt und dort weiter verwendet. Ihre IP-Adresse wird von Google jedoch innerhalb von Mitgliedstaaten der Europ\u00e4ischen Union oder in anderen Vertragsstaaten des Abkommens \u00fcber den Europ\u00e4ischen Wirtschaftsraum zuvor gek\u00fcrzt. Nur in Ausnahmef\u00e4llen wird die volle IP-Adresse an einen Server von Google in den USA \u00fcbertragen und dort gek\u00fcrzt. Im Auftrag des Betreibers dieser Website wird Google diese Informationen benutzen, um Ihre Nutzung dieses Dienstes auszuwerten. Die im Rahmen von reCaptcha von Ihrem Browser \u00fcbermittelte IP-Adresse wird nicht mit anderen Daten von Google zusammengef\u00fchrt. F\u00fcr diese Daten gelten die abweichenden Datenschutzbestimmungen des Unternehmens Google. Weitere Informationen zu den Datenschutzrichtlinien von Google finden Sie unter: https:\/\/policies.google.com\/privacy?hl=de<\/p>\n","protected":false},"excerpt":{"rendered":"<p>Unsere Zukunft &#8211; Denk mit! Mach mit! e.V.Sitz: 94113 Tiefenbach Telefon: +49 (0)171 \/ 50 96 244E-Mail: info@unserezukunft-tiefenbach.de Einzeln vertretungsberechtigt: Telefon: +49 (0)171 \/ 50 96 244E-Mail: info@unserezukunft-tiefenbach.de Telefon: +49 (0)8509 \/ 939 949E-Mail: info@unserezukunft-tiefenbach.de Registergericht: Amtsgericht PassauRegisternummer: VR 200902 Umsatzsteuer-Identifikationsnummer:DE (aktuell nur Steuernummer: 153 \/ 111 \/ 20147) V.i.S.d \u00a7 55 Abs. 2 RStV: [&hellip;]<\/p>\n","protected":false},"author":1,"featured_media":0,"parent":0,"menu_order":1000,"comment_status":"closed","ping_status":"closed","template":"","meta":{"footnotes":""},"class_list":["post-52","page","type-page","status-publish","hentry"],"_links":{"self":[{"href":"https:\/\/www.unserezukunft-tiefenbach.de\/index.php\/wp-json\/wp\/v2\/pages\/52","targetHints":{"allow":["GET"]}}],"collection":[{"href":"https:\/\/www.unserezukunft-tiefenbach.de\/index.php\/wp-json\/wp\/v2\/pages"}],"about":[{"href":"https:\/\/www.unserezukunft-tiefenbach.de\/index.php\/wp-json\/wp\/v2\/types\/page"}],"author":[{"embeddable":true,"href":"https:\/\/www.unserezukunft-tiefenbach.de\/index.php\/wp-json\/wp\/v2\/users\/1"}],"replies":[{"embeddable":true,"href":"https:\/\/www.unserezukunft-tiefenbach.de\/index.php\/wp-json\/wp\/v2\/comments?post=52"}],"version-history":[{"count":3,"href":"https:\/\/www.unserezukunft-tiefenbach.de\/index.php\/wp-json\/wp\/v2\/pages\/52\/revisions"}],"predecessor-version":[{"id":125,"href":"https:\/\/www.unserezukunft-tiefenbach.de\/index.php\/wp-json\/wp\/v2\/pages\/52\/revisions\/125"}],"wp:attachment":[{"href":"https:\/\/www.unserezukunft-tiefenbach.de\/index.php\/wp-json\/wp\/v2\/media?parent=52"}],"curies":[{"name":"wp","href":"https:\/\/api.w.org\/{rel}","templated":true}]}}