{"id":12,"date":"2022-12-03T10:36:02","date_gmt":"2022-12-03T10:36:02","guid":{"rendered":"http:\/\/zukunft.icamsc.de\/index.php\/home\/"},"modified":"2026-01-25T13:51:25","modified_gmt":"2026-01-25T12:51:25","slug":"home","status":"publish","type":"page","link":"https:\/\/www.unserezukunft-tiefenbach.de\/","title":{"rendered":"herzlich willkommen"},"content":{"rendered":"\n<hr class=\"wp-block-separator has-alpha-channel-opacity is-style-wide\"\/>\n\n\n\n<figure class=\"wp-block-image size-full\"><img loading=\"lazy\" decoding=\"async\" width=\"851\" height=\"315\" src=\"https:\/\/www.unserezukunft-tiefenbach.de\/wp-content\/uploads\/2026\/01\/Wahl26_Unsere_Gemeinde.jpg\" alt=\"\" class=\"wp-image-116\" srcset=\"https:\/\/www.unserezukunft-tiefenbach.de\/wp-content\/uploads\/2026\/01\/Wahl26_Unsere_Gemeinde.jpg 851w, https:\/\/www.unserezukunft-tiefenbach.de\/wp-content\/uploads\/2026\/01\/Wahl26_Unsere_Gemeinde-300x111.jpg 300w, https:\/\/www.unserezukunft-tiefenbach.de\/wp-content\/uploads\/2026\/01\/Wahl26_Unsere_Gemeinde-768x284.jpg 768w\" sizes=\"auto, (max-width: 851px) 100vw, 851px\" \/><\/figure>\n\n\n\n<hr class=\"wp-block-separator has-alpha-channel-opacity is-style-wide\"\/>\n\n\n\n<p>Herzlich willkommen bei <strong>\u201eUnsere Zukunft \u2013 Denk mit! Mach mit! e. V.\u201c<\/strong><\/p>\n\n\n\n<p>wir sind eine parteineutrale und unabh\u00e4ngige W\u00e4hlervereinigung, die am <strong>24.10.2019 im Gasthaus Zacher in Kirchberg v. W.<\/strong> gegr\u00fcndet wurde. Seitdem setzen wir uns <strong>AKTIV<\/strong> &nbsp;<strong>kommunalpolitisch f\u00fcr unsere sch\u00f6ne Gemeinde Tiefenbach<\/strong> ein \u2013 f\u00fcr unsere drei Hauptorte <strong>Tiefenbach, Haselbach und Kirchberg v. W.<\/strong> ebenso wie f\u00fcr alle <strong>78 Ortschaften und kleinen Weiler<\/strong>.<\/p>\n\n\n\n<p>Unsere Motivation:<\/p>\n\n\n\n<p>Eine positive Weiterentwicklung unserer Gemeinde Tiefenbach. Wir sind parteiunabh\u00e4ngig und stehen f\u00fcr eine vern\u00fcnftige Sachpolitik vor Parteipolitik. Zahlen, Daten, Fakten statt Emotionen bilden die Basis f\u00fcr unsere Entscheidungen. Wir engagieren uns sehr gerne im Gemeinderat, vor allem aber AKTIV ausserhalb der klassischen Gremienarbeit vor Ort.<\/p>\n\n\n\n<p>Wir wollen <strong>Verbundenheit und Miteinander<\/strong> st\u00e4rken und unsere <strong>B\u00fcrgerinnen und B\u00fcrger aktiv einbinden<\/strong> \u2013 denn eine starke Gemeinde entsteht dort, wo viele mitdenken und mitmachen.<\/p>\n\n\n\n<p><strong>Unsere Gemeinde | Unsere St\u00e4rke | Unsere Zukunft<\/strong><\/p>\n\n\n\n<figure class=\"wp-block-image size-full\"><img loading=\"lazy\" decoding=\"async\" width=\"329\" height=\"181\" src=\"http:\/\/zukunft.icamsc.de\/wp-content\/uploads\/2022\/12\/logo-2.png\" alt=\"\" class=\"wp-image-46\" srcset=\"https:\/\/www.unserezukunft-tiefenbach.de\/wp-content\/uploads\/2022\/12\/logo-2.png 329w, https:\/\/www.unserezukunft-tiefenbach.de\/wp-content\/uploads\/2022\/12\/logo-2-300x165.png 300w\" sizes=\"auto, (max-width: 329px) 100vw, 329px\" \/><\/figure>\n","protected":false},"excerpt":{"rendered":"<p>Herzlich willkommen bei \u201eUnsere Zukunft \u2013 Denk mit! Mach mit! e. V.\u201c wir sind eine parteineutrale und unabh\u00e4ngige W\u00e4hlervereinigung, die am 24.10.2019 im Gasthaus Zacher in Kirchberg v. W. gegr\u00fcndet wurde. Seitdem setzen wir uns AKTIV &nbsp;kommunalpolitisch f\u00fcr unsere sch\u00f6ne Gemeinde Tiefenbach ein \u2013 f\u00fcr unsere drei Hauptorte Tiefenbach, Haselbach und Kirchberg v. W. ebenso [&hellip;]<\/p>\n","protected":false},"author":1,"featured_media":47,"parent":0,"menu_order":0,"comment_status":"closed","ping_status":"closed","template":"templates\/template-homepage-one.php","meta":{"footnotes":""},"class_list":["post-12","page","type-page","status-publish","has-post-thumbnail","hentry"],"_links":{"self":[{"href":"https:\/\/www.unserezukunft-tiefenbach.de\/index.php\/wp-json\/wp\/v2\/pages\/12","targetHints":{"allow":["GET"]}}],"collection":[{"href":"https:\/\/www.unserezukunft-tiefenbach.de\/index.php\/wp-json\/wp\/v2\/pages"}],"about":[{"href":"https:\/\/www.unserezukunft-tiefenbach.de\/index.php\/wp-json\/wp\/v2\/types\/page"}],"author":[{"embeddable":true,"href":"https:\/\/www.unserezukunft-tiefenbach.de\/index.php\/wp-json\/wp\/v2\/users\/1"}],"replies":[{"embeddable":true,"href":"https:\/\/www.unserezukunft-tiefenbach.de\/index.php\/wp-json\/wp\/v2\/comments?post=12"}],"version-history":[{"count":8,"href":"https:\/\/www.unserezukunft-tiefenbach.de\/index.php\/wp-json\/wp\/v2\/pages\/12\/revisions"}],"predecessor-version":[{"id":129,"href":"https:\/\/www.unserezukunft-tiefenbach.de\/index.php\/wp-json\/wp\/v2\/pages\/12\/revisions\/129"}],"wp:featuredmedia":[{"embeddable":true,"href":"https:\/\/www.unserezukunft-tiefenbach.de\/index.php\/wp-json\/wp\/v2\/media\/47"}],"wp:attachment":[{"href":"https:\/\/www.unserezukunft-tiefenbach.de\/index.php\/wp-json\/wp\/v2\/media?parent=12"}],"curies":[{"name":"wp","href":"https:\/\/api.w.org\/{rel}","templated":true}]}}