{"id":118,"date":"2026-01-24T18:38:52","date_gmt":"2026-01-24T17:38:52","guid":{"rendered":"https:\/\/www.unserezukunft-tiefenbach.de\/?page_id=118"},"modified":"2026-01-25T14:12:28","modified_gmt":"2026-01-25T13:12:28","slug":"unsere-ziele","status":"publish","type":"page","link":"https:\/\/www.unserezukunft-tiefenbach.de\/index.php\/unsere-ziele\/","title":{"rendered":"unsere ziele"},"content":{"rendered":"\n<p class=\"has-medium-font-size\"><strong>1. Solide | Ehrlich | Finanzierbar<\/strong><\/p>\n\n\n\n<p><em>Um umsetzbare gemeindepolitische Ziele verwirklichen zu k\u00f6nnen, braucht man eine realistische Planung. Daher verfolgen wir eine Strategie, in der wir<\/em><\/p>\n\n\n\n<ul class=\"wp-block-list\">\n<li><strong>Gemeindefinanzen im Blick behalten.<\/strong><\/li>\n\n\n\n<li><strong>staatliche F\u00f6rderm\u00f6glichkeiten pr\u00fcfen und aussch\u00f6pfen.<\/strong><\/li>\n\n\n\n<li><strong>situativ Chancen nutzen und sinnvolle Investitionen f\u00fcr die Gemeinde vorantreiben.<\/strong><\/li>\n\n\n\n<li><strong>keine leeren Wahlkampfversprechen geben, die nicht finanzierbar und umsetzbar sind.<\/strong><\/li>\n<\/ul>\n\n\n\n<p>\ud83d\udc49 Unser Versprechen:<\/p>\n\n\n\n<p><em>Wir versprechen nur, was auch bezahlbar und REALISTISCH umsetzbar ist.<\/em><\/p>\n\n\n\n<hr class=\"wp-block-separator has-alpha-channel-opacity is-style-wide\"\/>\n\n\n\n<p class=\"has-medium-font-size\"><strong>2. <\/strong><strong>AKTIV <\/strong><strong>anpacken \u2013 nicht nur reden<\/strong><\/p>\n\n\n\n<p><em>Unsere Mitglieder engagieren sich auch w\u00e4hrend der Wahlperiode und nicht nur vor der Wahl. So haben wir in den vergangenen Jahren<\/em><\/p>\n\n\n\n<ul class=\"wp-block-list\">\n<li><strong>AKTIV <\/strong><strong>Veranstaltungen durchgef\u00fchrt.<\/strong><\/li>\n\n\n\n<li><strong>die Ortskernbelebung <\/strong><strong>AKTIV <\/strong><strong>vorangetrieben.<\/strong><\/li>\n\n\n\n<li><strong>Gewerbetreibende vor Ort <\/strong><strong>AKTIV <\/strong><strong>unterst\u00fctzt.<\/strong><\/li>\n\n\n\n<li><strong>uns <\/strong><strong>AKTIV <\/strong><strong>ehrenamtlich engagiert.<\/strong><\/li>\n<\/ul>\n\n\n\n<p>\ud83d\udc49 Unser Versprechen:<\/p>\n\n\n\n<p>W<em>ir sind da, wenn es drauf ankommt \u2013 nicht nur im Wahlkampf.<\/em><\/p>\n\n\n\n<hr class=\"wp-block-separator has-alpha-channel-opacity is-style-wide\"\/>\n\n\n\n<p><strong>3. Ein Starkes Miteinander f\u00fcr unsere Gemeinde<\/strong><\/p>\n\n\n\n<p><em>Gemeinsam kann man immer mehr erreichen. Daher stehen wir weiterhin f\u00fcr eine<\/em><\/p>\n\n\n\n<ul class=\"wp-block-list\">\n<li><strong>gute Zusammenarbeit mit unserem B\u00fcrgermeister Christian F\u00fcrst.<\/strong><\/li>\n\n\n\n<li><strong>Respektvolle und l\u00f6sungsorientierte Kommunikation und Politik vor Ort.<\/strong><\/li>\n<\/ul>\n\n\n\n<p>\ud83d\udc49 Unser Versprechen:<\/p>\n\n\n\n<p><em>Sachlich, respektvoll und gemeinsam f\u00fcr die besten L\u00f6sungen.<\/em><\/p>\n\n\n\n<hr class=\"wp-block-separator has-alpha-channel-opacity is-style-wide\"\/>\n\n\n\n<p><strong>4. Zusammenhalt leben \u2013 von Jung bis Alt<\/strong><\/p>\n\n\n\n<p><em>Unsere Gemeinde ist mehr als nur Verwaltung. Daher engagieren wir uns weiterhin f\u00fcr eine<\/em><\/p>\n\n\n\n<ul class=\"wp-block-list\">\n<li><strong>Gemeindepolitik f\u00fcr alle Altersgruppen und Generationen.<\/strong><\/li>\n\n\n\n<li><strong>AKTIVE<\/strong><strong> F\u00f6rderung der Vereine und Organisationen als Wertsch\u00e4tzung f\u00fcr das Ehrenamt.<\/strong><\/li>\n<\/ul>\n\n\n\n<p>\ud83d\udc49 Unser Versprechen:<\/p>\n\n\n\n<p><em>Unsere Gemeinde lebt vom Miteinander \u2013 und vom Ehrenamt.<\/em><\/p>\n\n\n\n<hr class=\"wp-block-separator has-alpha-channel-opacity is-style-wide\"\/>\n\n\n\n<p><strong>5. Nah dran an allen Ortsteilen<\/strong><\/p>\n\n\n\n<p><em>Jede Stimme z\u00e4hlt \u2013 \u00fcberall:<\/em><\/p>\n\n\n\n<ul class=\"wp-block-list\">\n<li><strong>L\u00f6sungsorientierte Politik f\u00fcr die Probleme vor Ort aller 78 Gemeindeteile<\/strong><\/li>\n\n\n\n<li><strong>Auch k\u00fcnftig F\u00f6rderung von politischer Information und Bildung auf kommunaler und regionaler Ebene<\/strong><\/li>\n<\/ul>\n\n\n\n<p>\ud83d\udc49 Unser Versprechen:<\/p>\n\n\n\n<p><em>Keine Randlagen, keine Vergessenen \u2013 wir h\u00f6ren zu und handeln.<\/em><\/p>\n","protected":false},"excerpt":{"rendered":"<p>1. Solide | Ehrlich | Finanzierbar Um umsetzbare gemeindepolitische Ziele verwirklichen zu k\u00f6nnen, braucht man eine realistische Planung. Daher verfolgen wir eine Strategie, in der wir \ud83d\udc49 Unser Versprechen: Wir versprechen nur, was auch bezahlbar und REALISTISCH umsetzbar ist. 2. AKTIV anpacken \u2013 nicht nur reden Unsere Mitglieder engagieren sich auch w\u00e4hrend der Wahlperiode und [&hellip;]<\/p>\n","protected":false},"author":1,"featured_media":0,"parent":0,"menu_order":5,"comment_status":"closed","ping_status":"closed","template":"","meta":{"footnotes":""},"class_list":["post-118","page","type-page","status-publish","hentry"],"_links":{"self":[{"href":"https:\/\/www.unserezukunft-tiefenbach.de\/index.php\/wp-json\/wp\/v2\/pages\/118","targetHints":{"allow":["GET"]}}],"collection":[{"href":"https:\/\/www.unserezukunft-tiefenbach.de\/index.php\/wp-json\/wp\/v2\/pages"}],"about":[{"href":"https:\/\/www.unserezukunft-tiefenbach.de\/index.php\/wp-json\/wp\/v2\/types\/page"}],"author":[{"embeddable":true,"href":"https:\/\/www.unserezukunft-tiefenbach.de\/index.php\/wp-json\/wp\/v2\/users\/1"}],"replies":[{"embeddable":true,"href":"https:\/\/www.unserezukunft-tiefenbach.de\/index.php\/wp-json\/wp\/v2\/comments?post=118"}],"version-history":[{"count":4,"href":"https:\/\/www.unserezukunft-tiefenbach.de\/index.php\/wp-json\/wp\/v2\/pages\/118\/revisions"}],"predecessor-version":[{"id":126,"href":"https:\/\/www.unserezukunft-tiefenbach.de\/index.php\/wp-json\/wp\/v2\/pages\/118\/revisions\/126"}],"wp:attachment":[{"href":"https:\/\/www.unserezukunft-tiefenbach.de\/index.php\/wp-json\/wp\/v2\/media?parent=118"}],"curies":[{"name":"wp","href":"https:\/\/api.w.org\/{rel}","templated":true}]}}